{"id":317,"date":"2025-08-13T09:33:19","date_gmt":"2025-08-13T12:33:19","guid":{"rendered":"https:\/\/objetivabv.com.br\/?page_id=317"},"modified":"2025-08-13T16:42:54","modified_gmt":"2025-08-13T19:42:54","slug":"quem-somos","status":"publish","type":"page","link":"http:\/\/objetivabv.com.br\/index.php\/quem-somos\/","title":{"rendered":"Quem Somos"},"content":{"rendered":"\t\t<div data-elementor-type=\"wp-page\" data-elementor-id=\"317\" class=\"elementor elementor-317\" data-elementor-post-type=\"page\">\n\t\t\t\t<div class=\"elementor-element elementor-element-796a933 e-flex e-con-boxed e-con e-parent\" data-id=\"796a933\" data-element_type=\"container\">\n\t\t\t\t\t<div class=\"e-con-inner\">\n\t\t\t\t\t<\/div>\n\t\t\t\t<\/div>\n\t\t<div class=\"elementor-element elementor-element-cd06c06 e-flex e-con-boxed e-con e-parent\" data-id=\"cd06c06\" data-element_type=\"container\" data-settings=\"{&quot;background_background&quot;:&quot;classic&quot;}\">\n\t\t\t\t\t<div class=\"e-con-inner\">\n\t\t<div class=\"elementor-element elementor-element-9ca41fa e-con-full e-flex e-con e-child\" data-id=\"9ca41fa\" data-element_type=\"container\">\n\t\t\t\t<div class=\"elementor-element elementor-element-941b780 elementor-widget elementor-widget-heading\" data-id=\"941b780\" data-element_type=\"widget\" data-widget_type=\"heading.default\">\n\t\t\t\t\t<h2 class=\"elementor-heading-title elementor-size-default\">QUEM SOMOS<\/h2>\t\t\t\t<\/div>\n\t\t\t\t<\/div>\n\t\t<div class=\"elementor-element elementor-element-611106c e-con-full e-flex e-con e-child\" data-id=\"611106c\" data-element_type=\"container\">\n\t\t\t\t<div class=\"elementor-element elementor-element-b3f2723 elementor-widget-divider--view-line elementor-widget elementor-widget-divider\" data-id=\"b3f2723\" data-element_type=\"widget\" data-widget_type=\"divider.default\">\n\t\t\t\t\t\t\t<div class=\"elementor-divider\">\n\t\t\t<span class=\"elementor-divider-separator\">\n\t\t\t\t\t\t<\/span>\n\t\t<\/div>\n\t\t\t\t\t\t<\/div>\n\t\t\t\t<\/div>\n\t\t\t\t\t<\/div>\n\t\t\t\t<\/div>\n\t\t<div class=\"elementor-element elementor-element-4b3029d e-flex e-con-boxed e-con e-parent\" data-id=\"4b3029d\" data-element_type=\"container\">\n\t\t\t\t\t<div class=\"e-con-inner\">\n\t\t<div class=\"elementor-element elementor-element-d4fd150 e-con-full e-flex e-con e-child\" data-id=\"d4fd150\" data-element_type=\"container\">\n\t\t\t\t<div class=\"elementor-element elementor-element-06cb1be elementor-widget elementor-widget-image\" data-id=\"06cb1be\" data-element_type=\"widget\" data-widget_type=\"image.default\">\n\t\t\t\t\t\t\t\t\t\t\t\t\t\t\t<img fetchpriority=\"high\" decoding=\"async\" width=\"800\" height=\"444\" src=\"http:\/\/objetivabv.com.br\/wp-content\/uploads\/2025\/08\/fotolojaagosto2025_0001.png\" class=\"attachment-large size-large wp-image-334\" alt=\"\" srcset=\"http:\/\/objetivabv.com.br\/wp-content\/uploads\/2025\/08\/fotolojaagosto2025_0001.png 900w, http:\/\/objetivabv.com.br\/wp-content\/uploads\/2025\/08\/fotolojaagosto2025_0001-300x167.png 300w, http:\/\/objetivabv.com.br\/wp-content\/uploads\/2025\/08\/fotolojaagosto2025_0001-768x427.png 768w\" sizes=\"(max-width: 800px) 100vw, 800px\" \/>\t\t\t\t\t\t\t\t\t\t\t\t\t\t\t<\/div>\n\t\t\t\t<\/div>\n\t\t<div class=\"elementor-element elementor-element-82d7831 e-con-full e-flex e-con e-child\" data-id=\"82d7831\" data-element_type=\"container\">\n\t\t\t\t<div class=\"elementor-element elementor-element-421d508 elementor-widget elementor-widget-heading\" data-id=\"421d508\" data-element_type=\"widget\" data-widget_type=\"heading.default\">\n\t\t\t\t\t<h2 class=\"elementor-heading-title elementor-size-default\">Objetiva BV - Acess\u00f3rios para picapes<\/h2>\t\t\t\t<\/div>\n\t\t\t\t<div class=\"elementor-element elementor-element-7e78363 elementor-widget elementor-widget-heading\" data-id=\"7e78363\" data-element_type=\"widget\" data-widget_type=\"heading.default\">\n\t\t\t\t\t<h2 class=\"elementor-heading-title elementor-size-default\">A Objetiva BV \u00e9 uma loja especializada em pe\u00e7as e acess\u00f3rios para pick-ups, SUV e carros utilit\u00e1rios desde 2000, conta com mais 3 mil itens  em estoque. Acreditamos no valor de cada pe\u00e7a que seu ve\u00edculo tem, por isso entregamos produtos de qualidade para gerar os melhores resultados no desempenho do seu carro. \n\n<br><br>\n\n\nSomos comprometidos com a excel\u00eancia em todo processo, da escolha dos produtos e fornecedores, entrega e tamb\u00e9m em nosso atendimento. Nosso prop\u00f3sito \u00e9 oferecer aos nossos clientes uma experi\u00eancia \u00fanica, transformando sonhos em realidade e ve\u00edculos em obras-primas.\n\n<\/h2>\t\t\t\t<\/div>\n\t\t\t\t<\/div>\n\t\t\t\t\t<\/div>\n\t\t\t\t<\/div>\n\t\t<div class=\"elementor-element elementor-element-df5dc2e e-flex e-con-boxed e-con e-parent\" data-id=\"df5dc2e\" data-element_type=\"container\">\n\t\t\t\t\t<div class=\"e-con-inner\">\n\t\t<div class=\"elementor-element elementor-element-33550ed e-con-full e-flex elementor-invisible e-con e-child\" data-id=\"33550ed\" data-element_type=\"container\" data-settings=\"{&quot;animation&quot;:&quot;zoomIn&quot;}\">\n\t\t<div class=\"elementor-element elementor-element-b8eeee0 e-con-full e-flex e-con e-child\" data-id=\"b8eeee0\" data-element_type=\"container\">\n\t\t\t\t<div class=\"elementor-element elementor-element-1d084f5 elementor-view-stacked elementor-shape-circle elementor-widget elementor-widget-icon\" data-id=\"1d084f5\" data-element_type=\"widget\" data-widget_type=\"icon.default\">\n\t\t\t\t\t\t\t<div class=\"elementor-icon-wrapper\">\n\t\t\t<div class=\"elementor-icon\">\n\t\t\t<svg aria-hidden=\"true\" class=\"e-font-icon-svg e-far-hand-paper\" viewBox=\"0 0 448 512\" xmlns=\"http:\/\/www.w3.org\/2000\/svg\"><path d=\"M372.57 112.641v-10.825c0-43.612-40.52-76.691-83.039-65.546-25.629-49.5-94.09-47.45-117.982.747C130.269 26.456 89.144 57.945 89.144 102v126.13c-19.953-7.427-43.308-5.068-62.083 8.871-29.355 21.796-35.794 63.333-14.55 93.153L132.48 498.569a32 32 0 0 0 26.062 13.432h222.897c14.904 0 27.835-10.289 31.182-24.813l30.184-130.958A203.637 203.637 0 0 0 448 310.564V179c0-40.62-35.523-71.992-75.43-66.359zm27.427 197.922c0 11.731-1.334 23.469-3.965 34.886L368.707 464h-201.92L51.591 302.303c-14.439-20.27 15.023-42.776 29.394-22.605l27.128 38.079c8.995 12.626 29.031 6.287 29.031-9.283V102c0-25.645 36.571-24.81 36.571.691V256c0 8.837 7.163 16 16 16h6.856c8.837 0 16-7.163 16-16V67c0-25.663 36.571-24.81 36.571.691V256c0 8.837 7.163 16 16 16h6.856c8.837 0 16-7.163 16-16V101.125c0-25.672 36.57-24.81 36.57.691V256c0 8.837 7.163 16 16 16h6.857c8.837 0 16-7.163 16-16v-76.309c0-26.242 36.57-25.64 36.57-.691v131.563z\"><\/path><\/svg>\t\t\t<\/div>\n\t\t<\/div>\n\t\t\t\t\t\t<\/div>\n\t\t\t\t<\/div>\n\t\t<div class=\"elementor-element elementor-element-b79b0b2 e-con-full e-flex e-con e-child\" data-id=\"b79b0b2\" data-element_type=\"container\">\n\t\t\t\t<div class=\"elementor-element elementor-element-9766843 elementor-widget elementor-widget-heading\" data-id=\"9766843\" data-element_type=\"widget\" data-widget_type=\"heading.default\">\n\t\t\t\t\t<h2 class=\"elementor-heading-title elementor-size-default\">Miss\u00e3o<\/h2>\t\t\t\t<\/div>\n\t\t\t\t<div class=\"elementor-element elementor-element-758d144 elementor-widget elementor-widget-heading\" data-id=\"758d144\" data-element_type=\"widget\" data-widget_type=\"heading.default\">\n\t\t\t\t\t<h2 class=\"elementor-heading-title elementor-size-default\">Entregar as melhores solu\u00e7\u00f5es em acess\u00f3rios e personaliza\u00e7\u00e3o automotiva.<\/h2>\t\t\t\t<\/div>\n\t\t\t\t<\/div>\n\t\t\t\t<\/div>\n\t\t<div class=\"elementor-element elementor-element-cee20e5 e-con-full e-flex elementor-invisible e-con e-child\" data-id=\"cee20e5\" data-element_type=\"container\" data-settings=\"{&quot;animation&quot;:&quot;zoomIn&quot;}\">\n\t\t<div class=\"elementor-element elementor-element-aedfefe e-con-full e-flex e-con e-child\" data-id=\"aedfefe\" data-element_type=\"container\">\n\t\t\t\t<div class=\"elementor-element elementor-element-0ba242d elementor-view-stacked elementor-shape-circle elementor-widget elementor-widget-icon\" data-id=\"0ba242d\" data-element_type=\"widget\" data-widget_type=\"icon.default\">\n\t\t\t\t\t\t\t<div class=\"elementor-icon-wrapper\">\n\t\t\t<div class=\"elementor-icon\">\n\t\t\t<svg aria-hidden=\"true\" class=\"e-font-icon-svg e-far-eye\" viewBox=\"0 0 576 512\" xmlns=\"http:\/\/www.w3.org\/2000\/svg\"><path d=\"M288 144a110.94 110.94 0 0 0-31.24 5 55.4 55.4 0 0 1 7.24 27 56 56 0 0 1-56 56 55.4 55.4 0 0 1-27-7.24A111.71 111.71 0 1 0 288 144zm284.52 97.4C518.29 135.59 410.93 64 288 64S57.68 135.64 3.48 241.41a32.35 32.35 0 0 0 0 29.19C57.71 376.41 165.07 448 288 448s230.32-71.64 284.52-177.41a32.35 32.35 0 0 0 0-29.19zM288 400c-98.65 0-189.09-55-237.93-144C98.91 167 189.34 112 288 112s189.09 55 237.93 144C477.1 345 386.66 400 288 400z\"><\/path><\/svg>\t\t\t<\/div>\n\t\t<\/div>\n\t\t\t\t\t\t<\/div>\n\t\t\t\t<\/div>\n\t\t<div class=\"elementor-element elementor-element-0f829b5 e-con-full e-flex e-con e-child\" data-id=\"0f829b5\" data-element_type=\"container\">\n\t\t\t\t<div class=\"elementor-element elementor-element-9459db2 elementor-widget elementor-widget-heading\" data-id=\"9459db2\" data-element_type=\"widget\" data-widget_type=\"heading.default\">\n\t\t\t\t\t<h2 class=\"elementor-heading-title elementor-size-default\">Vis\u00e3o<\/h2>\t\t\t\t<\/div>\n\t\t\t\t<div class=\"elementor-element elementor-element-74ce3dd elementor-widget elementor-widget-heading\" data-id=\"74ce3dd\" data-element_type=\"widget\" data-widget_type=\"heading.default\">\n\t\t\t\t\t<h2 class=\"elementor-heading-title elementor-size-default\">Ser reconhecida como l\u00edder no mercado local de acess\u00f3rios automotivos, com  produtos inovadores.<\/h2>\t\t\t\t<\/div>\n\t\t\t\t<\/div>\n\t\t\t\t<\/div>\n\t\t<div class=\"elementor-element elementor-element-9832835 e-con-full e-flex elementor-invisible e-con e-child\" data-id=\"9832835\" data-element_type=\"container\" data-settings=\"{&quot;animation&quot;:&quot;zoomIn&quot;}\">\n\t\t<div class=\"elementor-element elementor-element-64f0db9 e-con-full e-flex e-con e-child\" data-id=\"64f0db9\" data-element_type=\"container\">\n\t\t\t\t<div class=\"elementor-element elementor-element-139f0dd elementor-view-stacked elementor-shape-circle elementor-widget elementor-widget-icon\" data-id=\"139f0dd\" data-element_type=\"widget\" data-widget_type=\"icon.default\">\n\t\t\t\t\t\t\t<div class=\"elementor-icon-wrapper\">\n\t\t\t<div class=\"elementor-icon\">\n\t\t\t<svg aria-hidden=\"true\" class=\"e-font-icon-svg e-far-heart\" viewBox=\"0 0 512 512\" xmlns=\"http:\/\/www.w3.org\/2000\/svg\"><path d=\"M458.4 64.3C400.6 15.7 311.3 23 256 79.3 200.7 23 111.4 15.6 53.6 64.3-21.6 127.6-10.6 230.8 43 285.5l175.4 178.7c10 10.2 23.4 15.9 37.6 15.9 14.3 0 27.6-5.6 37.6-15.8L469 285.6c53.5-54.7 64.7-157.9-10.6-221.3zm-23.6 187.5L259.4 430.5c-2.4 2.4-4.4 2.4-6.8 0L77.2 251.8c-36.5-37.2-43.9-107.6 7.3-150.7 38.9-32.7 98.9-27.8 136.5 10.5l35 35.7 35-35.7c37.8-38.5 97.8-43.2 136.5-10.6 51.1 43.1 43.5 113.9 7.3 150.8z\"><\/path><\/svg>\t\t\t<\/div>\n\t\t<\/div>\n\t\t\t\t\t\t<\/div>\n\t\t\t\t<\/div>\n\t\t<div class=\"elementor-element elementor-element-593c2e5 e-con-full e-flex e-con e-child\" data-id=\"593c2e5\" data-element_type=\"container\">\n\t\t\t\t<div class=\"elementor-element elementor-element-12345ab elementor-widget elementor-widget-heading\" data-id=\"12345ab\" data-element_type=\"widget\" data-widget_type=\"heading.default\">\n\t\t\t\t\t<h2 class=\"elementor-heading-title elementor-size-default\">Valores<\/h2>\t\t\t\t<\/div>\n\t\t\t\t<div class=\"elementor-element elementor-element-1f2e1ea elementor-widget elementor-widget-heading\" data-id=\"1f2e1ea\" data-element_type=\"widget\" data-widget_type=\"heading.default\">\n\t\t\t\t\t<h2 class=\"elementor-heading-title elementor-size-default\">Atendimento com excel\u00eancia, inova\u00e7\u00e3o, comprometimento, responsabilidade e \u00e9tica.<\/h2>\t\t\t\t<\/div>\n\t\t\t\t<\/div>\n\t\t\t\t<\/div>\n\t\t\t\t\t<\/div>\n\t\t\t\t<\/div>\n\t\t<div class=\"elementor-element elementor-element-c393b91 e-flex e-con-boxed e-con e-parent\" data-id=\"c393b91\" data-element_type=\"container\">\n\t\t\t\t\t<div class=\"e-con-inner\">\n\t\t<div class=\"elementor-element elementor-element-caedb2c e-con-full e-flex e-con e-child\" data-id=\"caedb2c\" data-element_type=\"container\">\n\t\t\t\t<div class=\"elementor-element elementor-element-de8ea2a elementor-widget elementor-widget-heading\" data-id=\"de8ea2a\" data-element_type=\"widget\" data-widget_type=\"heading.default\">\n\t\t\t\t\t<h2 class=\"elementor-heading-title elementor-size-default\">Transforme a Sua Pick-up <br> Com Quem Entende do assunto<\/h2>\t\t\t\t<\/div>\n\t\t\t\t<div class=\"elementor-element elementor-element-a0b83dc elementor-widget elementor-widget-image\" data-id=\"a0b83dc\" data-element_type=\"widget\" data-widget_type=\"image.default\">\n\t\t\t\t\t\t\t\t\t\t\t\t\t\t\t<img decoding=\"async\" width=\"1920\" height=\"600\" src=\"http:\/\/objetivabv.com.br\/wp-content\/uploads\/2025\/08\/bannerobjetivabv2025_0003W.png\" class=\"attachment-full size-full wp-image-374\" alt=\"\" srcset=\"http:\/\/objetivabv.com.br\/wp-content\/uploads\/2025\/08\/bannerobjetivabv2025_0003W.png 1920w, http:\/\/objetivabv.com.br\/wp-content\/uploads\/2025\/08\/bannerobjetivabv2025_0003W-300x94.png 300w, http:\/\/objetivabv.com.br\/wp-content\/uploads\/2025\/08\/bannerobjetivabv2025_0003W-1024x320.png 1024w, http:\/\/objetivabv.com.br\/wp-content\/uploads\/2025\/08\/bannerobjetivabv2025_0003W-768x240.png 768w, http:\/\/objetivabv.com.br\/wp-content\/uploads\/2025\/08\/bannerobjetivabv2025_0003W-1536x480.png 1536w\" sizes=\"(max-width: 1920px) 100vw, 1920px\" \/>\t\t\t\t\t\t\t\t\t\t\t\t\t\t\t<\/div>\n\t\t\t\t<\/div>\n\t\t\t\t\t<\/div>\n\t\t\t\t<\/div>\n\t\t<div class=\"elementor-element elementor-element-05bd3f5 e-flex e-con-boxed e-con e-parent\" data-id=\"05bd3f5\" data-element_type=\"container\">\n\t\t\t\t\t<div class=\"e-con-inner\">\n\t\t\t\t\t<\/div>\n\t\t\t\t<\/div>\n\t\t\t\t<\/div>\n\t\t","protected":false},"excerpt":{"rendered":"<p>QUEM SOMOS Objetiva BV &#8211; Acess\u00f3rios para picapes A Objetiva BV \u00e9 uma loja especializada em pe\u00e7as e acess\u00f3rios para pick-ups, SUV e carros utilit\u00e1rios desde 2000, conta com mais 3 mil itens em estoque. Acreditamos no valor de cada pe\u00e7a que seu ve\u00edculo tem, por isso entregamos produtos de qualidade para gerar os melhores [&hellip;]<\/p>\n","protected":false},"author":1,"featured_media":0,"parent":0,"menu_order":0,"comment_status":"closed","ping_status":"closed","template":"elementor_header_footer","meta":{"footnotes":""},"class_list":["post-317","page","type-page","status-publish","hentry"],"_links":{"self":[{"href":"http:\/\/objetivabv.com.br\/index.php\/wp-json\/wp\/v2\/pages\/317","targetHints":{"allow":["GET"]}}],"collection":[{"href":"http:\/\/objetivabv.com.br\/index.php\/wp-json\/wp\/v2\/pages"}],"about":[{"href":"http:\/\/objetivabv.com.br\/index.php\/wp-json\/wp\/v2\/types\/page"}],"author":[{"embeddable":true,"href":"http:\/\/objetivabv.com.br\/index.php\/wp-json\/wp\/v2\/users\/1"}],"replies":[{"embeddable":true,"href":"http:\/\/objetivabv.com.br\/index.php\/wp-json\/wp\/v2\/comments?post=317"}],"version-history":[{"count":61,"href":"http:\/\/objetivabv.com.br\/index.php\/wp-json\/wp\/v2\/pages\/317\/revisions"}],"predecessor-version":[{"id":469,"href":"http:\/\/objetivabv.com.br\/index.php\/wp-json\/wp\/v2\/pages\/317\/revisions\/469"}],"wp:attachment":[{"href":"http:\/\/objetivabv.com.br\/index.php\/wp-json\/wp\/v2\/media?parent=317"}],"curies":[{"name":"wp","href":"https:\/\/api.w.org\/{rel}","templated":true}]}}